{"id":10854,"date":"2017-06-29T12:15:21","date_gmt":"2017-06-29T10:15:21","guid":{"rendered":"http:\/\/schulprojekt-uganda.de\/?page_id=10854"},"modified":"2024-10-05T10:13:56","modified_gmt":"2024-10-05T08:13:56","slug":"localisation","status":"publish","type":"page","link":"https:\/\/schulprojekt-uganda.de\/en\/die-schulen\/localisation\/","title":{"rendered":"Localisation"},"content":{"rendered":"<p><div class=\"fusion-fullwidth fullwidth-box fusion-builder-row-2 nonhundred-percent-fullwidth non-hundred-percent-height-scrolling\" style=\"background-color: rgba(255,255,255,0);background-position: center center;background-repeat: no-repeat;padding-top:0px;padding-right:0px;padding-bottom:0px;padding-left:0px;margin-bottom: 0px;margin-top: 0px;border-width: 0px 0px 0px 0px;border-color:#eae9e9;border-style:solid;\" ><div class=\"fusion-builder-row fusion-row\"><div class=\"fusion-layout-column fusion_builder_column fusion-builder-column-1 fusion_builder_column_1_1 1_1 fusion-one-full fusion-column-first fusion-column-last\" style=\"margin-top:0px;margin-bottom:0px;\"><div class=\"fusion-column-wrapper fusion-flex-column-wrapper-legacy\" style=\"background-position:left top;background-repeat:no-repeat;-webkit-background-size:cover;-moz-background-size:cover;-o-background-size:cover;background-size:cover;padding: 0px 0px 0px 0px;\"><div class=\"fusion-text fusion-text-2\">\n<h2><span class=\"h2content\">Localisation<\/span><\/h2>\n<p><strong>Maps<\/strong><\/p>\n<p>Mbuye is located in South of Uganda in Rakai District, Kooki County, Lwanda Sub county, Kiyovu Parish, Lusolo Village. On your way from Kyotera Town to Rakai District Headquarters, you travel six kilometers and branch off left at Lwanda Trading Centre. Then two kilometers from Lwanda you find the school centre in a nice view.<\/p>\n<p>On the Google Earth map you find the satellite view and some actual buildings added. The ones with pencil stripes are planned to be built in the next years. In the North is Campus 1 for the &#8220;Certificates&#8221; and the &#8220;Diplomas&#8221; (College section) and Campus 2 in the South for the Secondary Farm School.<\/p>\n\n\t\t<style type=\"text\/css\">\n\t\t\t#gallery-2 {\n\t\t\t\tmargin: auto;\n\t\t\t}\n\t\t\t#gallery-2 .gallery-item {\n\t\t\t\tfloat: left;\n\t\t\t\tmargin-top: 10px;\n\t\t\t\ttext-align: center;\n\t\t\t\twidth: 50%;\n\t\t\t}\n\t\t\t#gallery-2 img {\n\t\t\t\tborder: 2px solid #cfcfcf;\n\t\t\t}\n\t\t\t#gallery-2 .gallery-caption {\n\t\t\t\tmargin-left: 0;\n\t\t\t}\n\t\t\t\/* see gallery_shortcode() in wp-includes\/media.php *\/\n\t\t<\/style>\n\t\t<div id='gallery-2' class='gallery galleryid-10854 gallery-columns-2 gallery-size-thumbnail'><dl class='gallery-item'>\n\t\t\t<dt class='gallery-icon portrait'>\n\t\t\t\t<a data-rel=\"iLightbox[postimages]\" data-title=\"Uganda-road-map-1\" data-caption=\"school position marked\" href='https:\/\/schulprojekt-uganda.de\/wp-content\/uploads\/2017\/06\/Uganda-road-map-1.jpg'><img decoding=\"async\" width=\"150\" height=\"150\" src=\"https:\/\/schulprojekt-uganda.de\/wp-content\/uploads\/2017\/06\/Uganda-road-map-1-150x150.jpg\" class=\"attachment-thumbnail size-thumbnail\" alt=\"Masaka Rakai District\" aria-describedby=\"gallery-2-10866\" srcset=\"https:\/\/schulprojekt-uganda.de\/wp-content\/uploads\/2017\/06\/Uganda-road-map-1-66x66.jpg 66w, https:\/\/schulprojekt-uganda.de\/wp-content\/uploads\/2017\/06\/Uganda-road-map-1-150x150.jpg 150w\" sizes=\"(max-width: 150px) 100vw, 150px\" \/><\/a>\n\t\t\t<\/dt>\n\t\t\t\t<dd class='wp-caption-text gallery-caption' id='gallery-2-10866'>\n\t\t\t\tschool position marked\n\t\t\t\t<\/dd><\/dl><dl class='gallery-item'>\n\t\t\t<dt class='gallery-icon portrait'>\n\t\t\t\t<a data-rel=\"iLightbox[postimages]\" data-title=\"GoogleEarthMFS1\" data-caption=\"Google Earth 2024\" href='https:\/\/schulprojekt-uganda.de\/wp-content\/uploads\/2024\/10\/GoogleEarthMFS1-1.jpg'><img decoding=\"async\" width=\"150\" height=\"150\" src=\"https:\/\/schulprojekt-uganda.de\/wp-content\/uploads\/2024\/10\/GoogleEarthMFS1-1-150x150.jpg\" class=\"attachment-thumbnail size-thumbnail\" alt=\"\" aria-describedby=\"gallery-2-11902\" srcset=\"https:\/\/schulprojekt-uganda.de\/wp-content\/uploads\/2024\/10\/GoogleEarthMFS1-1-66x66.jpg 66w, https:\/\/schulprojekt-uganda.de\/wp-content\/uploads\/2024\/10\/GoogleEarthMFS1-1-150x150.jpg 150w\" sizes=\"(max-width: 150px) 100vw, 150px\" \/><\/a>\n\t\t\t<\/dt>\n\t\t\t\t<dd class='wp-caption-text gallery-caption' id='gallery-2-11902'>\n\t\t\t\tGoogle Earth 2024\n\t\t\t\t<\/dd><\/dl><br style=\"clear: both\" \/>\n\t\t<\/div>\n\n<\/div><div class=\"fusion-clearfix\"><\/div><\/div><\/div><\/div><\/div><\/p>","protected":false},"excerpt":{"rendered":"","protected":false},"author":2,"featured_media":0,"parent":10881,"menu_order":0,"comment_status":"closed","ping_status":"closed","template":"","meta":{"_bbp_topic_count":0,"_bbp_reply_count":0,"_bbp_total_topic_count":0,"_bbp_total_reply_count":0,"_bbp_voice_count":0,"_bbp_anonymous_reply_count":0,"_bbp_topic_count_hidden":0,"_bbp_reply_count_hidden":0,"_bbp_forum_subforum_count":0,"footnotes":""},"class_list":["post-10854","page","type-page","status-publish","hentry"],"yoast_head":"<!-- This site is optimized with the Yoast SEO plugin v27.3 - https:\/\/yoast.com\/product\/yoast-seo-wordpress\/ -->\n<title>Lage der Schulen im S\u00fcden von Uganda nahe Tansania-Grenze<\/title>\n<meta name=\"description\" content=\"Localisation: Lage der Schulen in Uganda, Ost-Afrika. Im S\u00fcden des Landes nahe der Grenze nach Tansania, ca. 100 km s\u00fcdlich des \u00c4quators.\" \/>\n<meta name=\"robots\" content=\"index, follow, max-snippet:-1, max-image-preview:large, max-video-preview:-1\" \/>\n<link rel=\"canonical\" href=\"https:\/\/schulprojekt-uganda.de\/die-schulen\/localisation\/\" \/>\n<meta property=\"og:locale\" content=\"en_US\" \/>\n<meta property=\"og:type\" content=\"article\" \/>\n<meta property=\"og:title\" content=\"Lage der Schulen im S\u00fcden von Uganda nahe Tansania-Grenze\" \/>\n<meta property=\"og:description\" content=\"Localisation: Lage der Schulen in Uganda, Ost-Afrika. Im S\u00fcden des Landes nahe der Grenze nach Tansania, ca. 100 km s\u00fcdlich des \u00c4quators.\" \/>\n<meta property=\"og:url\" content=\"https:\/\/schulprojekt-uganda.de\/die-schulen\/localisation\/\" \/>\n<meta property=\"og:site_name\" content=\"Mbuye Farm School\" \/>\n<meta property=\"article:modified_time\" content=\"2024-10-05T08:13:56+00:00\" \/>\n<meta name=\"twitter:card\" content=\"summary_large_image\" \/>\n<meta name=\"twitter:label1\" content=\"Est. reading time\" \/>\n\t<meta name=\"twitter:data1\" content=\"4 minutes\" \/>\n<script type=\"application\/ld+json\" class=\"yoast-schema-graph\">{\"@context\":\"https:\\\/\\\/schema.org\",\"@graph\":[{\"@type\":\"WebPage\",\"@id\":\"https:\\\/\\\/schulprojekt-uganda.de\\\/die-schulen\\\/localisation\\\/\",\"url\":\"https:\\\/\\\/schulprojekt-uganda.de\\\/die-schulen\\\/localisation\\\/\",\"name\":\"Lage der Schulen im S\u00fcden von Uganda nahe Tansania-Grenze\",\"isPartOf\":{\"@id\":\"https:\\\/\\\/schulprojekt-uganda.de\\\/#website\"},\"datePublished\":\"2017-06-29T10:15:21+00:00\",\"dateModified\":\"2024-10-05T08:13:56+00:00\",\"description\":\"Localisation: Lage der Schulen in Uganda, Ost-Afrika. Im S\u00fcden des Landes nahe der Grenze nach Tansania, ca. 100 km s\u00fcdlich des \u00c4quators.\",\"breadcrumb\":{\"@id\":\"https:\\\/\\\/schulprojekt-uganda.de\\\/die-schulen\\\/localisation\\\/#breadcrumb\"},\"inLanguage\":\"en-US\",\"potentialAction\":[{\"@type\":\"ReadAction\",\"target\":[\"https:\\\/\\\/schulprojekt-uganda.de\\\/die-schulen\\\/localisation\\\/\"]}]},{\"@type\":\"BreadcrumbList\",\"@id\":\"https:\\\/\\\/schulprojekt-uganda.de\\\/die-schulen\\\/localisation\\\/#breadcrumb\",\"itemListElement\":[{\"@type\":\"ListItem\",\"position\":1,\"name\":\"Home\",\"item\":\"https:\\\/\\\/schulprojekt-uganda.de\\\/\"},{\"@type\":\"ListItem\",\"position\":2,\"name\":\"Die Schulen\",\"item\":\"https:\\\/\\\/schulprojekt-uganda.de\\\/die-schulen\\\/\"},{\"@type\":\"ListItem\",\"position\":3,\"name\":\"Lage der Schulen\"}]},{\"@type\":\"WebSite\",\"@id\":\"https:\\\/\\\/schulprojekt-uganda.de\\\/#website\",\"url\":\"https:\\\/\\\/schulprojekt-uganda.de\\\/\",\"name\":\"Mbuye Farm School\",\"description\":\"(Deutsch) Spenden f\u00fcr die Schule in Afrika\",\"publisher\":{\"@id\":\"https:\\\/\\\/schulprojekt-uganda.de\\\/#organization\"},\"potentialAction\":[{\"@type\":\"SearchAction\",\"target\":{\"@type\":\"EntryPoint\",\"urlTemplate\":\"https:\\\/\\\/schulprojekt-uganda.de\\\/?s={search_term_string}\"},\"query-input\":{\"@type\":\"PropertyValueSpecification\",\"valueRequired\":true,\"valueName\":\"search_term_string\"}}],\"inLanguage\":\"en-US\"},{\"@type\":\"Organization\",\"@id\":\"https:\\\/\\\/schulprojekt-uganda.de\\\/#organization\",\"name\":\"F\u00f6rderverein Mbuye Farm School e.V.\",\"url\":\"https:\\\/\\\/schulprojekt-uganda.de\\\/\",\"logo\":{\"@type\":\"ImageObject\",\"inLanguage\":\"en-US\",\"@id\":\"https:\\\/\\\/schulprojekt-uganda.de\\\/#\\\/schema\\\/logo\\\/image\\\/\",\"url\":\"https:\\\/\\\/schulprojekt-uganda.de\\\/wp-content\\\/uploads\\\/2017\\\/06\\\/pdf-wappen.jpg\",\"contentUrl\":\"https:\\\/\\\/schulprojekt-uganda.de\\\/wp-content\\\/uploads\\\/2017\\\/06\\\/pdf-wappen.jpg\",\"width\":300,\"height\":325,\"caption\":\"F\u00f6rderverein Mbuye Farm School e.V.\"},\"image\":{\"@id\":\"https:\\\/\\\/schulprojekt-uganda.de\\\/#\\\/schema\\\/logo\\\/image\\\/\"}}]}<\/script>\n<!-- \/ Yoast SEO plugin. -->","yoast_head_json":{"title":"Lage der Schulen im S\u00fcden von Uganda nahe Tansania-Grenze","description":"Localisation: Lage der Schulen in Uganda, Ost-Afrika. Im S\u00fcden des Landes nahe der Grenze nach Tansania, ca. 100 km s\u00fcdlich des \u00c4quators.","robots":{"index":"index","follow":"follow","max-snippet":"max-snippet:-1","max-image-preview":"max-image-preview:large","max-video-preview":"max-video-preview:-1"},"canonical":"https:\/\/schulprojekt-uganda.de\/die-schulen\/localisation\/","og_locale":"en_US","og_type":"article","og_title":"Lage der Schulen im S\u00fcden von Uganda nahe Tansania-Grenze","og_description":"Localisation: Lage der Schulen in Uganda, Ost-Afrika. Im S\u00fcden des Landes nahe der Grenze nach Tansania, ca. 100 km s\u00fcdlich des \u00c4quators.","og_url":"https:\/\/schulprojekt-uganda.de\/die-schulen\/localisation\/","og_site_name":"Mbuye Farm School","article_modified_time":"2024-10-05T08:13:56+00:00","twitter_card":"summary_large_image","twitter_misc":{"Est. reading time":"4 minutes"},"schema":{"@context":"https:\/\/schema.org","@graph":[{"@type":"WebPage","@id":"https:\/\/schulprojekt-uganda.de\/die-schulen\/localisation\/","url":"https:\/\/schulprojekt-uganda.de\/die-schulen\/localisation\/","name":"Lage der Schulen im S\u00fcden von Uganda nahe Tansania-Grenze","isPartOf":{"@id":"https:\/\/schulprojekt-uganda.de\/#website"},"datePublished":"2017-06-29T10:15:21+00:00","dateModified":"2024-10-05T08:13:56+00:00","description":"Localisation: Lage der Schulen in Uganda, Ost-Afrika. Im S\u00fcden des Landes nahe der Grenze nach Tansania, ca. 100 km s\u00fcdlich des \u00c4quators.","breadcrumb":{"@id":"https:\/\/schulprojekt-uganda.de\/die-schulen\/localisation\/#breadcrumb"},"inLanguage":"en-US","potentialAction":[{"@type":"ReadAction","target":["https:\/\/schulprojekt-uganda.de\/die-schulen\/localisation\/"]}]},{"@type":"BreadcrumbList","@id":"https:\/\/schulprojekt-uganda.de\/die-schulen\/localisation\/#breadcrumb","itemListElement":[{"@type":"ListItem","position":1,"name":"Home","item":"https:\/\/schulprojekt-uganda.de\/"},{"@type":"ListItem","position":2,"name":"Die Schulen","item":"https:\/\/schulprojekt-uganda.de\/die-schulen\/"},{"@type":"ListItem","position":3,"name":"Lage der Schulen"}]},{"@type":"WebSite","@id":"https:\/\/schulprojekt-uganda.de\/#website","url":"https:\/\/schulprojekt-uganda.de\/","name":"Mbuye Farm School","description":"(Deutsch) Spenden f\u00fcr die Schule in Afrika","publisher":{"@id":"https:\/\/schulprojekt-uganda.de\/#organization"},"potentialAction":[{"@type":"SearchAction","target":{"@type":"EntryPoint","urlTemplate":"https:\/\/schulprojekt-uganda.de\/?s={search_term_string}"},"query-input":{"@type":"PropertyValueSpecification","valueRequired":true,"valueName":"search_term_string"}}],"inLanguage":"en-US"},{"@type":"Organization","@id":"https:\/\/schulprojekt-uganda.de\/#organization","name":"F\u00f6rderverein Mbuye Farm School e.V.","url":"https:\/\/schulprojekt-uganda.de\/","logo":{"@type":"ImageObject","inLanguage":"en-US","@id":"https:\/\/schulprojekt-uganda.de\/#\/schema\/logo\/image\/","url":"https:\/\/schulprojekt-uganda.de\/wp-content\/uploads\/2017\/06\/pdf-wappen.jpg","contentUrl":"https:\/\/schulprojekt-uganda.de\/wp-content\/uploads\/2017\/06\/pdf-wappen.jpg","width":300,"height":325,"caption":"F\u00f6rderverein Mbuye Farm School e.V."},"image":{"@id":"https:\/\/schulprojekt-uganda.de\/#\/schema\/logo\/image\/"}}]}},"_links":{"self":[{"href":"https:\/\/schulprojekt-uganda.de\/en\/wp-json\/wp\/v2\/pages\/10854","targetHints":{"allow":["GET"]}}],"collection":[{"href":"https:\/\/schulprojekt-uganda.de\/en\/wp-json\/wp\/v2\/pages"}],"about":[{"href":"https:\/\/schulprojekt-uganda.de\/en\/wp-json\/wp\/v2\/types\/page"}],"author":[{"embeddable":true,"href":"https:\/\/schulprojekt-uganda.de\/en\/wp-json\/wp\/v2\/users\/2"}],"replies":[{"embeddable":true,"href":"https:\/\/schulprojekt-uganda.de\/en\/wp-json\/wp\/v2\/comments?post=10854"}],"version-history":[{"count":0,"href":"https:\/\/schulprojekt-uganda.de\/en\/wp-json\/wp\/v2\/pages\/10854\/revisions"}],"up":[{"embeddable":true,"href":"https:\/\/schulprojekt-uganda.de\/en\/wp-json\/wp\/v2\/pages\/10881"}],"wp:attachment":[{"href":"https:\/\/schulprojekt-uganda.de\/en\/wp-json\/wp\/v2\/media?parent=10854"}],"curies":[{"name":"wp","href":"https:\/\/api.w.org\/{rel}","templated":true}]}}