{"id":11603,"date":"2018-06-22T16:25:34","date_gmt":"2018-06-22T14:25:34","guid":{"rendered":"https:\/\/schulprojekt-uganda.de\/?page_id=11603"},"modified":"2021-06-30T00:01:17","modified_gmt":"2021-06-29T22:01:17","slug":"datenschutz","status":"publish","type":"page","link":"https:\/\/schulprojekt-uganda.de\/en\/datenschutz\/","title":{"rendered":"Privacy Policy"},"content":{"rendered":"<p><\/p>\n<h2><span class=\"h2content\">Datenschutzerkl\u00e4rung<\/span><\/h2>\n<p>Der Schutz der in unserem Verein verarbeiteten personenbezogenen Daten, insbesondere die Wahrung ihrer Vertraulichkeit, Integrit\u00e4t und Verf\u00fcgbarkeit, ist unsere Pflicht und wird durch uns regelm\u00e4\u00dfig kontrolliert.<\/p>\n<p>Dabei sind wir uns der hohen Bedeutung des Datenschutzes und unserer pers\u00f6nlichen Verantwortlichkeit bewusst und unterstreichen den hohen Stellenwert, den die Verarbeitung personenbezogener Daten f\u00fcr uns hat.<\/p>\n<p><strong>Datenschutzmanagement<\/strong><br \/>\nWir haben, um Ihre Daten sicher bei uns verarbeiten zu k\u00f6nnen, datenschutzrechtliche Aspekte tief in unserem Verein eingebunden.<\/p>\n<p>Verantwortliche Stelle im Sinne der Datenschutzgesetze ist:<br \/>\nF\u00f6rderverein Mbuye Farm School e. V.<br \/>\nAm J\u00f6llesiek 14<br \/>\n33739 Bielefeld<\/p>\n<p>Telefon: (05206) 3522<br \/>\nE-Mail: kontakt@schulprojekt-uganda.de<\/p>\n<p><strong>Hostingdienstleistungen durch einen Drittanbieter<\/strong><br \/>\nIm Rahmen einer Verarbeitung in unserem Auftrag erbringt ein Drittanbieter f\u00fcr uns die Dienste zum Hosting und zur Darstellung der Webseite. Dies dient der Wahrung unserer im Rahmen einer Interessensabw\u00e4gung \u00fcberwiegenden berechtigten Interessen an einer korrekten Darstellung unserer Webseite. Dieser Dienstleister sitzt innerhalb eines Landes der Europ\u00e4ischen Union.<\/p>\n<p><strong>Erfassung allgemeiner Informationen<\/strong><\/p>\n<p>Wenn Sie auf unsere Webseite zugreifen, werden automatisch Informationen allgemeiner Natur erfasst. Diese Informationen (Server-Logfiles) beinhalten etwa die Art des Webbrowsers, das verwendete Betriebssystem, den Domainnamen Ihres Internet Service Providers und \u00c4hnliches. Hierbei handelt es sich ausschlie\u00dflich um Informationen, welche keine R\u00fcckschl\u00fcsse auf Ihre Person zulassen. Diese Informationen sind technisch notwendig, um von Ihnen angeforderte Inhalte von Webseiten korrekt auszuliefern und fallen bei Nutzung des Internets zwingend an. Anonyme Informationen dieser Art werden von uns statistisch ausgewertet, um unseren Internetauftritt und die dahinterstehende Technik zu optimieren.<\/p>\n<p><strong>Cookies<\/strong><\/p>\n<p>Wie viele andere Webseiten verwenden wir auch so genannte \u201eCookies\u201c. Cookies sind kleine Textdateien, die von einem Webseitenserver auf Ihre Festplatte \u00fcbertragen werden. Hierdurch erhalten wir automatisch bestimmte Daten wie z. B. IP-Adresse, verwendeter Browser, Betriebssystem \u00fcber Ihren Computer und Ihre Verbindung zum Internet.<\/p>\n<p>Cookies k\u00f6nnen nicht verwendet werden, um Programme zu starten oder Viren auf einen Computer zu \u00fcbertragen. Anhand der in Cookies enthaltenen Informationen k\u00f6nnen wir Ihnen die Navigation erleichtern und die korrekte Anzeige unserer Webseiten erm\u00f6glichen.<\/p>\n<p>In keinem Fall werden die von uns erfassten Daten an Dritte weitergegeben oder ohne Ihre Einwilligung eine Verkn\u00fcpfung mit personenbezogenen Daten hergestellt.<\/p>\n<p>Nat\u00fcrlich k\u00f6nnen Sie unsere Website grunds\u00e4tzlich auch ohne Cookies betrachten. Internet-Browser sind regelm\u00e4\u00dfig so eingestellt, dass sie Cookies akzeptieren. Sie k\u00f6nnen die Verwendung von Cookies jederzeit \u00fcber die Einstellungen Ihres Browsers deaktivieren. Bitte verwenden Sie die Hilfefunktionen Ihres Internetbrowsers, um zu erfahren, wie Sie diese Einstellungen \u00e4ndern k\u00f6nnen. Bitte beachten Sie, dass einzelne Funktionen unserer Website m\u00f6glicherweise nicht funktionieren, wenn Sie die Verwendung von Cookies deaktiviert haben.<\/p>\n<p><strong>SSL-Verschl\u00fcsselung<\/strong><\/p>\n<p>Um die Sicherheit Ihrer Daten bei der \u00dcbertragung zu sch\u00fctzen, verwenden wir dem aktuellen Stand der Technik entsprechende Verschl\u00fcsselungsverfahren (z. B. SSL) \u00fcber HTTPS.<\/p>\n<p><strong>Kontaktformular\/Spendenformular<\/strong><\/p>\n<p>Treten Sie per E-Mail oder Kontaktformular\/Spendenformular mit uns in Kontakt, werden die von Ihnen gemachten Angaben zum Zwecke der Bearbeitung der Anfrage sowie f\u00fcr m\u00f6gliche Anschlussfragen gespeichert. Die Verarbeitung der in das Kontaktformular\/Spendenformular eingegebenen Daten erfolgt somit ausschlie\u00dflich auf Grundlage Ihrer Einwilligung (Art. 6 Abs. 1 lit. a DSGVO). Sie k\u00f6nnen diese Einwilligung jederzeit widerrufen. Dazu reicht eine formlose Mitteilung per E-Mail an uns. Die Rechtm\u00e4\u00dfigkeit der bis zum Widerruf erfolgten Datenverarbeitungsvorg\u00e4nge bleibt vom Widerruf unber\u00fchrt.<\/p>\n<p>Die von Ihnen im Kontaktformular\/Spendenformular eingegebenen Daten verbleiben bei uns, bis Sie uns zur L\u00f6schung auffordern, Ihre Einwilligung zur Speicherung widerrufen oder der Zweck f\u00fcr die Datenspeicherung entf\u00e4llt (z.B. nach abgeschlossener Bearbeitung Ihrer Anfrage). Zwingende gesetzliche Bestimmungen \u2013 insbesondere Aufbewahrungsfristen \u2013 bleiben unber\u00fchrt.<\/p>\n<p><strong>L\u00f6schung bzw. Sperrung der Daten<\/strong><\/p>\n<p>Wir halten uns an die Grunds\u00e4tze der Datenvermeidung und Datensparsamkeit. Wir speichern Ihre personenbezogenen Daten daher nur so lange, wie dies zur Erreichung der hier genannten Zwecke erforderlich ist oder wie es die vom Gesetzgeber vorgesehenen vielf\u00e4ltigen Speicherfristen vorsehen. Nach Fortfall des jeweiligen Zweckes bzw. Ablauf dieser Fristen werden die entsprechenden Daten routinem\u00e4\u00dfig und entsprechend den gesetzlichen Vorschriften gesperrt oder gel\u00f6scht.<\/p>\n<p><strong>Verwendung von Scriptbibliotheken (Google Web-fonts)<\/strong><\/p>\n<p>Um unsere Inhalte browser\u00fcbergreifend korrekt und grafisch ansprechend darzustellen, verwenden wir auf dieser Website Scriptbibliotheken und Schriftbibliotheken wie z. B. Google Webfonts (<a href=\"https:\/\/www.google.com\/webfonts\/\" target=\"_blank\" rel=\"noopener\">https:\/\/www.google.com\/webfonts\/<\/a>). Google Webfonts werden zur Vermeidung mehrfachen Ladens in den Cache Ihres Browsers \u00fcbertragen. Falls der Browser die Google Webfonts nicht unterst\u00fctzt oder den Zugriff unterbindet, werden Inhalte in einer Standardschrift angezeigt.<\/p>\n<p>Der Aufruf von Scriptbibliotheken oder Schriftbibliotheken l\u00f6st automatisch eine Verbindung zum Betreiber der Bibliothek aus. Dabei ist es theoretisch m\u00f6glich \u2013 aktuell allerdings auch unklar ob und ggf. zu welchen Zwecken \u2013 dass Betreiber entsprechender Bibliotheken Daten erheben.<\/p>\n<p>Die Datenschutzrichtlinie des Bibliothekbetreibers Google finden Sie hier: <a href=\"https:\/\/www.google.com\/policies\/privacy\/\" target=\"_blank\" rel=\"noopener\">https:\/\/www.google.com\/policies\/privacy\/<\/a><\/p>\n<p><strong>Verwendung von Google Maps<\/strong><\/p>\n<p>Diese Webseite verwendet gelegentlich Google Maps API, um geographische Informationen visuell darzustellen. Bei der Nutzung von Google Maps werden von Google auch Daten \u00fcber die Nutzung der Kartenfunktionen durch Besucher erhoben, verarbeitet und genutzt. N\u00e4here Informationen \u00fcber die Datenverarbeitung durch Google k\u00f6nnen Sie den Google-Datenschutzhinweisen entnehmen. Dort k\u00f6nnen Sie im Datenschutzcenter auch Ihre pers\u00f6nlichen Datenschutz-Einstellungen ver\u00e4ndern.<\/p>\n<p>Ausf\u00fchrliche Anleitungen zur Verwaltung der eigenen Daten im Zusammenhang mit Google-Produkten finden Sie HIER.<\/p>\n<p><strong>Eingebettete YouTube-Videos<\/strong><\/p>\n<p>Auf einigen unserer Webseiten betten wir manchmal Youtube-Videos ein. Betreiber der entsprechenden Plugins ist die YouTube, LLC, 901 Cherry Ave., San Bruno, CA 94066, USA. Wenn Sie eine Seite mit dem YouTube-Plugin besuchen, wird eine Verbindung zu Servern von Youtube hergestellt. Dabei wird Youtube mitgeteilt, welche Seiten Sie besuchen. Wenn Sie in Ihrem Youtube-Account eingeloggt sind, kann Youtube Ihr Surfverhalten Ihnen pers\u00f6nlich zuzuordnen. Dies verhindern Sie, indem Sie sich vorher aus Ihrem Youtube-Account ausloggen.<\/p>\n<p>Wird ein Youtube-Video gestartet, setzt der Anbieter Cookies ein, die Hinweise \u00fcber das Nutzerverhalten sammeln.<\/p>\n<p>Wer das Speichern von Cookies f\u00fcr das Google-Ad-Programm deaktiviert hat, wird auch beim Anschauen von Youtube-Videos mit keinen solchen Cookies rechnen m\u00fcssen. Youtube legt aber auch in anderen Cookies nicht-personenbezogene Nutzungsinformationen ab. M\u00f6chten Sie dies verhindern, so m\u00fcssen Sie das Speichern von Cookies im Browser blockieren.<\/p>\n<p>Weitere Informationen zum Datenschutz bei \u201eYoutube\u201c finden Sie in der Datenschutzerkl\u00e4rung des Anbieters unter: <a href=\"https:\/\/www.google.de\/intl\/de\/policies\/privacy\/\" target=\"_blank\" rel=\"noopener\">https:\/\/www.google.de\/intl\/de\/policies\/privacy\/<\/a><\/p>\n<p><strong>Social Plugins<\/strong><\/p>\n<p>Auf unseren Seiten sind keine Plugins sozialer Netzwerke integriert.<\/p>\n<p><strong>Statistik-Plugin \u201eCount per Day\u201c<\/strong><\/p>\n<p>Diese Website nutzt das Statistik-Plugin \u201eCount per Day\u201c. Dieses Tool speichert sogenannte \u201eCookies\u201c auf Ihrem Computer. Die durch den Cookie erzeugten Daten werden anonymisiert an einen Server von Count per Day in den USA \u00fcbermittelt und erm\u00f6glichen eine Auswertung Ihre Nutzung dieser Website. Dabei sind die Daten allerdings in einer solchen Weise anonymisiert, dass diese nicht mehr einem bestimmten Anschluss zuzuordnen sind. M\u00f6glicherweise werden Daten durch Count per Day an Dritte \u00fcbertragen, falls eine Verarbeitung der Daten durch Dritte geschieht oder auch sofern dies gesetzlich vorgeschrieben ist. Auszuschlie\u00dfen ist, dass Daten von Count per Day mit Ihrer IP-Adresse in Verbindung gebracht wird.<br \/>\nBitte beachten Sie, dass Sie die Installation von Cookies durch entsprechende Einstellungen in Ihrem Webbrowser unterbinden k\u00f6nnen. M\u00f6chten Sie der Auswertung und Erhebung durch das beschriebene Tool widersprechen, so teilen Sie und dies bitte mit. Indem Sie diese Webseite nutzen und keinen Widerspruch leisten, erkl\u00e4ren Sie sich mit Verarbeitung der erhobenen Daten durch Count per Day einverstanden.<\/p>\n<p><strong>jQuery Bibliotheken, Google Fonts und Google Maps<\/strong><\/p>\n<p>Auf dieser Seite werden Ajax- und jQuery-Technologien verwendet. Weiterhin werden auch Google Fonts sowie Karten \u00fcber Google Maps eingebunden. Hierzu werden entsprechende Programmbibliotheken bzw. Karteninhalte von Servern von Google aufgerufen. Wir m\u00f6chten Sie daher darauf hinweisen, dass durch die Nutzung externe Server von Google aufgerufen werden k\u00f6nnen und diese m\u00f6glicherweise Ihre IP-Adresse speichern. Dasselbe gilt f\u00fcr Javascript-Elemente, welche m\u00f6glicherweise von Google-Servern geladen werden k\u00f6nnen.<\/p>\n<p>Sie k\u00f6nnen den Service von Google Maps deaktivieren und damit den Datentransfer an Google verhindern, indem Sie JavaScript in Ihrem Browser deaktivieren. Wir m\u00f6chten Sie jedoch darauf hinweisen, dass Sie dann die Kartenanzeige nicht mehr nutzen k\u00f6nnen.<\/p>\n<p>Durch die Nutzung dieser Website bei gleichzeitigem Nichtdeaktivieren der JavaScript-Funktion erkl\u00e4ren Sie ausdr\u00fccklich, dass Sie Kenntnis der datenschutzrechtlichen Problematik haben und dass Sie mit der erm\u00f6glichten Datenerhebung durch Google einverstanden sind.<\/p>\n<p><strong>PayPal-Spendenbutton<\/strong><\/p>\n<p>Wir haben auf dieser Internetseite einen Spendenbutton von PayPal integriert. PayPal ist ein Online-Zahlungsdienstleister. Zahlungen werden \u00fcber sogenannte PayPal-Konten abgewickelt, die virtuelle Privat- oder Gesch\u00e4ftskonten darstellen. Zudem besteht bei PayPal die M\u00f6glichkeit, virtuelle Zahlungen \u00fcber Kreditkarten abzuwickeln, wenn ein Nutzer kein PayPal-Konto unterh\u00e4lt. Ein PayPal-Konto wird \u00fcber eine E-Mail-Adresse gef\u00fchrt, weshalb es keine klassische Kontonummer gibt. PayPal erm\u00f6glicht es, Online-Zahlungen an Dritte auszul\u00f6sen oder auch Zahlungen zu empfangen. PayPal \u00fcbernimmt ferner Treuh\u00e4nderfunktionen und bietet K\u00e4uferschutzdienste an. Mit der Nutzung des Spendenbuttons kommt jedoch zu keinem Zeitpunkt ein Weisungsgebundenes Auftragsverh\u00e4ltnis zur Datenverarbeitung zustande.<\/p>\n<p><strong>\u00c4nderung unserer Datenschutzbestimmungen<\/strong><\/p>\n<p>Wir behalten uns vor, diese Datenschutzerkl\u00e4rung gelegentlich anzupassen, damit sie stets den aktuellen rechtlichen Anforderungen entspricht oder um \u00c4nderungen unserer Leistungen in der Datenschutzerkl\u00e4rung umzusetzen, z. B. bei der Einf\u00fchrung neuer Services. F\u00fcr Ihren erneuten Besuch gilt dann die neue Datenschutzerkl\u00e4rung.<\/p>\n<p><strong>Ihre Rechte als Betroffener<\/strong><\/p>\n<p>Als von der Verarbeitung Ihrer Daten Betroffener haben Sie gegen\u00fcber uns als verarbeitende Stelle folgende Rechte:<\/p>\n<p>Recht auf Berichtigung und ggf. Erg\u00e4nzung Ihrer bei uns verarbeiteten personenbezogenen Daten<br \/>\nRecht auf transparente Information \u00fcber den Umgang mit Ihren bei uns verarbeiteten personenbezogenen Daten<br \/>\nAuskunftsrecht \u00fcber Ihre bei uns verarbeiteten personenbezogenen Daten<br \/>\nRecht auf L\u00f6schung und das Recht auf \u201eVergessenwerden\u201c<br \/>\nRecht auf Einschr\u00e4nkung der Verarbeitung \u2013 Recht auf Daten\u00fcbertragbarkeit<br \/>\nRecht auf Widerspruch \u2013 Recht auf Widerruf einer bereits erteilten Einwilligung mit Wirkung f\u00fcr die Zukunft<br \/>\nRecht zur Beschwerde bei der zust\u00e4ndigen Aufsichtsbeh\u00f6rde f\u00fcr Datenschutz<\/p>\n<p>Ihre Rechte k\u00f6nnen Sie einfach durch Erkl\u00e4rung via E-Mail an kontakt(at)schulprojekt-uganda.de aus\u00fcben.<\/p>\n<p>Wir haben f\u00fcr die Bearbeitung Ihres Anliegens eine gesetzliche Stellungnahmefrist von vier Wochen, welche in Ausnahmef\u00e4llen um weitere vier Wochen verl\u00e4ngert werden kann. Wir sind bem\u00fcht, Ihr Anliegen innerhalb der ersten vier Wochen nach Zugang Ihres Anliegens vollst\u00e4ndig zu bearbeiten. Bitte beachten Sie, dass wir auf Grund gesetzlicher Speicherfristen auch nach einem Antrag auf L\u00f6schung oder \u201eVergessenwerden\u201c noch zur Speicherung bestimmter personenbezogener Daten von Ihnen verpflichtet sein k\u00f6nnen.<\/p>\n<p>Wir weisen darauf hin, dass die Daten\u00fcbertragung im Internet (z.B. bei der Kommunikation per E-Mail) Sicherheitsl\u00fccken aufweisen kann. Ein l\u00fcckenloser Schutz der Daten vor dem Zugriff durch Dritte ist nicht m\u00f6glich. Der Nutzung von im Rahmen der Impressumspflicht ver\u00f6ffentlichten Kontaktdaten durch Dritte zur \u00dcbersendung von nicht ausdr\u00fccklich angeforderter Werbung und Informationsmaterialien wird hiermit ausdr\u00fccklich widersprochen. Die Betreiber der Seiten behalten sich ausdr\u00fccklich rechtliche Schritte im Falle der unverlangten Zusendung von Werbeinformationen, etwa durch Spam-Mails, vor.<\/p>\n<p>Die f\u00fcr uns zust\u00e4ndige Aufsichtsbeh\u00f6rde f\u00fcr Datenschutz ist:<\/p>\n<p>Landesbeauftragte f\u00fcr Datenschutz und Informationsfreiheit Nordrhein-Westfalen<br \/>\nHelga Block<br \/>\nPostfach 20 04 44<br \/>\n40102 D\u00fcsseldorf<br \/>\noder:<br \/>\nKavalleriestra\u00dfe 2-4<br \/>\n40213 D\u00fcsseldorf<\/p>\n<p>Telefon: 02 11\/384 24-0<br \/>\nTelefax: 02 11\/384 24-10<br \/>\nE-Mail:<br \/>\npoststelle{at}ldi.nrw{dot}de<br \/>\nHomepage:<br \/>\n<a href=\"https:\/\/www.ldi.nrw.de\" target=\"_blank\" rel=\"noopener\">https:\/\/www.ldi.nrw.de<\/a><\/p>\n<p>Diese Datenschutzerkl\u00e4rung gilt ab ihrer Bekanntgabe auf unbestimmte Zeit fort. Durch Bekanntgabe einer Nachfolge-Datenschutzerkl\u00e4rung wird die G\u00fcltigkeit dieser Datenschutzerkl\u00e4rung aufgehoben.<\/p>\n<p>Bekanntgegeben im Mai 2018<\/p>","protected":false},"excerpt":{"rendered":"<p>Datenschutzerkl\u00e4rung Der Schutz der in unserem Verein verarbeiteten personenbezogenen Daten, insbesondere die Wahrung ihrer Vertraulichkeit, Integrit\u00e4t und Verf\u00fcgbarkeit, ist unsere Pflicht und wird durch uns regelm\u00e4\u00dfig kontrolliert. Dabei sind wir uns der hohen Bedeutung des Datenschutzes und unserer pers\u00f6nlichen Verantwortlichkeit bewusst und unterstreichen den hohen Stellenwert, den die Verarbeitung personenbezogener Daten f\u00fcr uns hat. Datenschutzmanagement [&hellip;]<\/p>\n","protected":false},"author":2,"featured_media":0,"parent":0,"menu_order":0,"comment_status":"closed","ping_status":"closed","template":"","meta":{"_bbp_topic_count":0,"_bbp_reply_count":0,"_bbp_total_topic_count":0,"_bbp_total_reply_count":0,"_bbp_voice_count":0,"_bbp_anonymous_reply_count":0,"_bbp_topic_count_hidden":0,"_bbp_reply_count_hidden":0,"_bbp_forum_subforum_count":0,"footnotes":""},"class_list":["post-11603","page","type-page","status-publish","hentry"],"yoast_head":"<!-- This site is optimized with the Yoast SEO plugin v27.3 - https:\/\/yoast.com\/product\/yoast-seo-wordpress\/ -->\n<title>Privacy Policy - Mbuye Farm School<\/title>\n<meta name=\"robots\" content=\"index, follow, max-snippet:-1, max-image-preview:large, max-video-preview:-1\" \/>\n<link rel=\"canonical\" href=\"https:\/\/schulprojekt-uganda.de\/datenschutz\/\" \/>\n<meta property=\"og:locale\" content=\"en_US\" \/>\n<meta property=\"og:type\" content=\"article\" \/>\n<meta property=\"og:title\" content=\"Privacy Policy - Mbuye Farm School\" \/>\n<meta property=\"og:description\" content=\"Datenschutzerkl\u00e4rung Der Schutz der in unserem Verein verarbeiteten personenbezogenen Daten, insbesondere die Wahrung ihrer Vertraulichkeit, Integrit\u00e4t und Verf\u00fcgbarkeit, ist unsere Pflicht und wird durch uns regelm\u00e4\u00dfig kontrolliert. Dabei sind wir uns der hohen Bedeutung des Datenschutzes und unserer pers\u00f6nlichen Verantwortlichkeit bewusst und unterstreichen den hohen Stellenwert, den die Verarbeitung personenbezogener Daten f\u00fcr uns hat. Datenschutzmanagement [&hellip;]\" \/>\n<meta property=\"og:url\" content=\"https:\/\/schulprojekt-uganda.de\/datenschutz\/\" \/>\n<meta property=\"og:site_name\" content=\"Mbuye Farm School\" \/>\n<meta property=\"article:modified_time\" content=\"2021-06-29T22:01:17+00:00\" \/>\n<meta name=\"twitter:card\" content=\"summary_large_image\" \/>\n<meta name=\"twitter:label1\" content=\"Est. reading time\" \/>\n\t<meta name=\"twitter:data1\" content=\"15 minutes\" \/>\n<script type=\"application\/ld+json\" class=\"yoast-schema-graph\">{\"@context\":\"https:\\\/\\\/schema.org\",\"@graph\":[{\"@type\":\"WebPage\",\"@id\":\"https:\\\/\\\/schulprojekt-uganda.de\\\/datenschutz\\\/\",\"url\":\"https:\\\/\\\/schulprojekt-uganda.de\\\/datenschutz\\\/\",\"name\":\"Privacy Policy - Mbuye Farm School\",\"isPartOf\":{\"@id\":\"https:\\\/\\\/schulprojekt-uganda.de\\\/#website\"},\"datePublished\":\"2018-06-22T14:25:34+00:00\",\"dateModified\":\"2021-06-29T22:01:17+00:00\",\"breadcrumb\":{\"@id\":\"https:\\\/\\\/schulprojekt-uganda.de\\\/datenschutz\\\/#breadcrumb\"},\"inLanguage\":\"en-US\",\"potentialAction\":[{\"@type\":\"ReadAction\",\"target\":[\"https:\\\/\\\/schulprojekt-uganda.de\\\/datenschutz\\\/\"]}]},{\"@type\":\"BreadcrumbList\",\"@id\":\"https:\\\/\\\/schulprojekt-uganda.de\\\/datenschutz\\\/#breadcrumb\",\"itemListElement\":[{\"@type\":\"ListItem\",\"position\":1,\"name\":\"Home\",\"item\":\"https:\\\/\\\/schulprojekt-uganda.de\\\/\"},{\"@type\":\"ListItem\",\"position\":2,\"name\":\"Privacy Policy\"}]},{\"@type\":\"WebSite\",\"@id\":\"https:\\\/\\\/schulprojekt-uganda.de\\\/#website\",\"url\":\"https:\\\/\\\/schulprojekt-uganda.de\\\/\",\"name\":\"Mbuye Farm School\",\"description\":\"(Deutsch) Spenden f\u00fcr die Schule in Afrika\",\"publisher\":{\"@id\":\"https:\\\/\\\/schulprojekt-uganda.de\\\/#organization\"},\"potentialAction\":[{\"@type\":\"SearchAction\",\"target\":{\"@type\":\"EntryPoint\",\"urlTemplate\":\"https:\\\/\\\/schulprojekt-uganda.de\\\/?s={search_term_string}\"},\"query-input\":{\"@type\":\"PropertyValueSpecification\",\"valueRequired\":true,\"valueName\":\"search_term_string\"}}],\"inLanguage\":\"en-US\"},{\"@type\":\"Organization\",\"@id\":\"https:\\\/\\\/schulprojekt-uganda.de\\\/#organization\",\"name\":\"F\u00f6rderverein Mbuye Farm School e.V.\",\"url\":\"https:\\\/\\\/schulprojekt-uganda.de\\\/\",\"logo\":{\"@type\":\"ImageObject\",\"inLanguage\":\"en-US\",\"@id\":\"https:\\\/\\\/schulprojekt-uganda.de\\\/#\\\/schema\\\/logo\\\/image\\\/\",\"url\":\"https:\\\/\\\/schulprojekt-uganda.de\\\/wp-content\\\/uploads\\\/2017\\\/06\\\/pdf-wappen.jpg\",\"contentUrl\":\"https:\\\/\\\/schulprojekt-uganda.de\\\/wp-content\\\/uploads\\\/2017\\\/06\\\/pdf-wappen.jpg\",\"width\":300,\"height\":325,\"caption\":\"F\u00f6rderverein Mbuye Farm School e.V.\"},\"image\":{\"@id\":\"https:\\\/\\\/schulprojekt-uganda.de\\\/#\\\/schema\\\/logo\\\/image\\\/\"}}]}<\/script>\n<!-- \/ Yoast SEO plugin. -->","yoast_head_json":{"title":"Privacy Policy - Mbuye Farm School","robots":{"index":"index","follow":"follow","max-snippet":"max-snippet:-1","max-image-preview":"max-image-preview:large","max-video-preview":"max-video-preview:-1"},"canonical":"https:\/\/schulprojekt-uganda.de\/datenschutz\/","og_locale":"en_US","og_type":"article","og_title":"Privacy Policy - Mbuye Farm School","og_description":"Datenschutzerkl\u00e4rung Der Schutz der in unserem Verein verarbeiteten personenbezogenen Daten, insbesondere die Wahrung ihrer Vertraulichkeit, Integrit\u00e4t und Verf\u00fcgbarkeit, ist unsere Pflicht und wird durch uns regelm\u00e4\u00dfig kontrolliert. Dabei sind wir uns der hohen Bedeutung des Datenschutzes und unserer pers\u00f6nlichen Verantwortlichkeit bewusst und unterstreichen den hohen Stellenwert, den die Verarbeitung personenbezogener Daten f\u00fcr uns hat. Datenschutzmanagement [&hellip;]","og_url":"https:\/\/schulprojekt-uganda.de\/datenschutz\/","og_site_name":"Mbuye Farm School","article_modified_time":"2021-06-29T22:01:17+00:00","twitter_card":"summary_large_image","twitter_misc":{"Est. reading time":"15 minutes"},"schema":{"@context":"https:\/\/schema.org","@graph":[{"@type":"WebPage","@id":"https:\/\/schulprojekt-uganda.de\/datenschutz\/","url":"https:\/\/schulprojekt-uganda.de\/datenschutz\/","name":"Privacy Policy - Mbuye Farm School","isPartOf":{"@id":"https:\/\/schulprojekt-uganda.de\/#website"},"datePublished":"2018-06-22T14:25:34+00:00","dateModified":"2021-06-29T22:01:17+00:00","breadcrumb":{"@id":"https:\/\/schulprojekt-uganda.de\/datenschutz\/#breadcrumb"},"inLanguage":"en-US","potentialAction":[{"@type":"ReadAction","target":["https:\/\/schulprojekt-uganda.de\/datenschutz\/"]}]},{"@type":"BreadcrumbList","@id":"https:\/\/schulprojekt-uganda.de\/datenschutz\/#breadcrumb","itemListElement":[{"@type":"ListItem","position":1,"name":"Home","item":"https:\/\/schulprojekt-uganda.de\/"},{"@type":"ListItem","position":2,"name":"Privacy Policy"}]},{"@type":"WebSite","@id":"https:\/\/schulprojekt-uganda.de\/#website","url":"https:\/\/schulprojekt-uganda.de\/","name":"Mbuye Farm School","description":"(Deutsch) Spenden f\u00fcr die Schule in Afrika","publisher":{"@id":"https:\/\/schulprojekt-uganda.de\/#organization"},"potentialAction":[{"@type":"SearchAction","target":{"@type":"EntryPoint","urlTemplate":"https:\/\/schulprojekt-uganda.de\/?s={search_term_string}"},"query-input":{"@type":"PropertyValueSpecification","valueRequired":true,"valueName":"search_term_string"}}],"inLanguage":"en-US"},{"@type":"Organization","@id":"https:\/\/schulprojekt-uganda.de\/#organization","name":"F\u00f6rderverein Mbuye Farm School e.V.","url":"https:\/\/schulprojekt-uganda.de\/","logo":{"@type":"ImageObject","inLanguage":"en-US","@id":"https:\/\/schulprojekt-uganda.de\/#\/schema\/logo\/image\/","url":"https:\/\/schulprojekt-uganda.de\/wp-content\/uploads\/2017\/06\/pdf-wappen.jpg","contentUrl":"https:\/\/schulprojekt-uganda.de\/wp-content\/uploads\/2017\/06\/pdf-wappen.jpg","width":300,"height":325,"caption":"F\u00f6rderverein Mbuye Farm School e.V."},"image":{"@id":"https:\/\/schulprojekt-uganda.de\/#\/schema\/logo\/image\/"}}]}},"_links":{"self":[{"href":"https:\/\/schulprojekt-uganda.de\/en\/wp-json\/wp\/v2\/pages\/11603","targetHints":{"allow":["GET"]}}],"collection":[{"href":"https:\/\/schulprojekt-uganda.de\/en\/wp-json\/wp\/v2\/pages"}],"about":[{"href":"https:\/\/schulprojekt-uganda.de\/en\/wp-json\/wp\/v2\/types\/page"}],"author":[{"embeddable":true,"href":"https:\/\/schulprojekt-uganda.de\/en\/wp-json\/wp\/v2\/users\/2"}],"replies":[{"embeddable":true,"href":"https:\/\/schulprojekt-uganda.de\/en\/wp-json\/wp\/v2\/comments?post=11603"}],"version-history":[{"count":0,"href":"https:\/\/schulprojekt-uganda.de\/en\/wp-json\/wp\/v2\/pages\/11603\/revisions"}],"wp:attachment":[{"href":"https:\/\/schulprojekt-uganda.de\/en\/wp-json\/wp\/v2\/media?parent=11603"}],"curies":[{"name":"wp","href":"https:\/\/api.w.org\/{rel}","templated":true}]}}