{"id":12,"date":"2017-06-01T15:44:58","date_gmt":"2017-06-01T13:44:58","guid":{"rendered":"http:\/\/schulprojekt-uganda.de\/?page_id=12"},"modified":"2025-09-28T17:28:14","modified_gmt":"2025-09-28T15:28:14","slug":"verein","status":"publish","type":"page","link":"https:\/\/schulprojekt-uganda.de\/en\/verein\/","title":{"rendered":"(Deutsch) Verein"},"content":{"rendered":"<p class=\"qtranxs-available-languages-message qtranxs-available-languages-message-en\">Sorry, this entry is only available in <a href=\"https:\/\/schulprojekt-uganda.de\/de\/wp-json\/wp\/v2\/pages\/12\" class=\"qtranxs-available-language-link qtranxs-available-language-link-de\" title=\"Deutsch\">Deutsch<\/a>.<\/p>","protected":false},"excerpt":{"rendered":"<p>Sorry, this entry is only available in Deutsch.<\/p>\n","protected":false},"author":2,"featured_media":0,"parent":0,"menu_order":0,"comment_status":"closed","ping_status":"closed","template":"","meta":{"_bbp_topic_count":0,"_bbp_reply_count":0,"_bbp_total_topic_count":0,"_bbp_total_reply_count":0,"_bbp_voice_count":0,"_bbp_anonymous_reply_count":0,"_bbp_topic_count_hidden":0,"_bbp_reply_count_hidden":0,"_bbp_forum_subforum_count":0,"footnotes":""},"class_list":["post-12","page","type-page","status-publish","hentry"],"yoast_head":"<!-- This site is optimized with the Yoast SEO plugin v27.4 - https:\/\/yoast.com\/product\/yoast-seo-wordpress\/ -->\n<title>F\u00f6rderverein Mbuye Farm School e.V., Entwicklungshilfe in Afrika, Uganda<\/title>\n<meta name=\"description\" content=\"F\u00f6rderverein Mbuye Farm School e.V.. Spendensammlung und Projekte planen. Partner finden, M\u00f6glichkeiten der Zusammenarbeit erkunden.\" \/>\n<meta name=\"robots\" content=\"index, follow, max-snippet:-1, max-image-preview:large, max-video-preview:-1\" \/>\n<link rel=\"canonical\" href=\"https:\/\/schulprojekt-uganda.de\/verein\/\" \/>\n<meta property=\"og:locale\" content=\"en_US\" \/>\n<meta property=\"og:type\" content=\"article\" \/>\n<meta property=\"og:title\" content=\"F\u00f6rderverein Mbuye Farm School e.V., Entwicklungshilfe in Afrika, Uganda\" \/>\n<meta property=\"og:description\" content=\"F\u00f6rderverein Mbuye Farm School e.V.. Spendensammlung und Projekte planen. Partner finden, M\u00f6glichkeiten der Zusammenarbeit erkunden.\" \/>\n<meta property=\"og:url\" content=\"https:\/\/schulprojekt-uganda.de\/verein\/\" \/>\n<meta property=\"og:site_name\" content=\"Mbuye Farm School\" \/>\n<meta property=\"article:modified_time\" content=\"2025-09-28T15:28:14+00:00\" \/>\n<meta name=\"twitter:card\" content=\"summary_large_image\" \/>\n<meta name=\"twitter:label1\" content=\"Est. reading time\" \/>\n\t<meta name=\"twitter:data1\" content=\"3 minutes\" \/>\n<script type=\"application\/ld+json\" class=\"yoast-schema-graph\">{\"@context\":\"https:\\\/\\\/schema.org\",\"@graph\":[{\"@type\":\"WebPage\",\"@id\":\"https:\\\/\\\/schulprojekt-uganda.de\\\/verein\\\/\",\"url\":\"https:\\\/\\\/schulprojekt-uganda.de\\\/verein\\\/\",\"name\":\"F\u00f6rderverein Mbuye Farm School e.V., Entwicklungshilfe in Afrika, Uganda\",\"isPartOf\":{\"@id\":\"https:\\\/\\\/schulprojekt-uganda.de\\\/#website\"},\"datePublished\":\"2017-06-01T13:44:58+00:00\",\"dateModified\":\"2025-09-28T15:28:14+00:00\",\"description\":\"F\u00f6rderverein Mbuye Farm School e.V.. Spendensammlung und Projekte planen. Partner finden, M\u00f6glichkeiten der Zusammenarbeit erkunden.\",\"breadcrumb\":{\"@id\":\"https:\\\/\\\/schulprojekt-uganda.de\\\/verein\\\/#breadcrumb\"},\"inLanguage\":\"en-US\",\"potentialAction\":[{\"@type\":\"ReadAction\",\"target\":[\"https:\\\/\\\/schulprojekt-uganda.de\\\/verein\\\/\"]}]},{\"@type\":\"BreadcrumbList\",\"@id\":\"https:\\\/\\\/schulprojekt-uganda.de\\\/verein\\\/#breadcrumb\",\"itemListElement\":[{\"@type\":\"ListItem\",\"position\":1,\"name\":\"Home\",\"item\":\"https:\\\/\\\/schulprojekt-uganda.de\\\/\"},{\"@type\":\"ListItem\",\"position\":2,\"name\":\"Verein\"}]},{\"@type\":\"WebSite\",\"@id\":\"https:\\\/\\\/schulprojekt-uganda.de\\\/#website\",\"url\":\"https:\\\/\\\/schulprojekt-uganda.de\\\/\",\"name\":\"Mbuye Farm School\",\"description\":\"(Deutsch) Spenden f\u00fcr die Schule in Afrika\",\"publisher\":{\"@id\":\"https:\\\/\\\/schulprojekt-uganda.de\\\/#organization\"},\"potentialAction\":[{\"@type\":\"SearchAction\",\"target\":{\"@type\":\"EntryPoint\",\"urlTemplate\":\"https:\\\/\\\/schulprojekt-uganda.de\\\/?s={search_term_string}\"},\"query-input\":{\"@type\":\"PropertyValueSpecification\",\"valueRequired\":true,\"valueName\":\"search_term_string\"}}],\"inLanguage\":\"en-US\"},{\"@type\":\"Organization\",\"@id\":\"https:\\\/\\\/schulprojekt-uganda.de\\\/#organization\",\"name\":\"F\u00f6rderverein Mbuye Farm School e.V.\",\"url\":\"https:\\\/\\\/schulprojekt-uganda.de\\\/\",\"logo\":{\"@type\":\"ImageObject\",\"inLanguage\":\"en-US\",\"@id\":\"https:\\\/\\\/schulprojekt-uganda.de\\\/#\\\/schema\\\/logo\\\/image\\\/\",\"url\":\"https:\\\/\\\/schulprojekt-uganda.de\\\/wp-content\\\/uploads\\\/2017\\\/06\\\/pdf-wappen.jpg\",\"contentUrl\":\"https:\\\/\\\/schulprojekt-uganda.de\\\/wp-content\\\/uploads\\\/2017\\\/06\\\/pdf-wappen.jpg\",\"width\":300,\"height\":325,\"caption\":\"F\u00f6rderverein Mbuye Farm School e.V.\"},\"image\":{\"@id\":\"https:\\\/\\\/schulprojekt-uganda.de\\\/#\\\/schema\\\/logo\\\/image\\\/\"}}]}<\/script>\n<!-- \/ Yoast SEO plugin. -->","yoast_head_json":{"title":"F\u00f6rderverein Mbuye Farm School e.V., Entwicklungshilfe in Afrika, Uganda","description":"F\u00f6rderverein Mbuye Farm School e.V.. Spendensammlung und Projekte planen. Partner finden, M\u00f6glichkeiten der Zusammenarbeit erkunden.","robots":{"index":"index","follow":"follow","max-snippet":"max-snippet:-1","max-image-preview":"max-image-preview:large","max-video-preview":"max-video-preview:-1"},"canonical":"https:\/\/schulprojekt-uganda.de\/verein\/","og_locale":"en_US","og_type":"article","og_title":"F\u00f6rderverein Mbuye Farm School e.V., Entwicklungshilfe in Afrika, Uganda","og_description":"F\u00f6rderverein Mbuye Farm School e.V.. Spendensammlung und Projekte planen. Partner finden, M\u00f6glichkeiten der Zusammenarbeit erkunden.","og_url":"https:\/\/schulprojekt-uganda.de\/verein\/","og_site_name":"Mbuye Farm School","article_modified_time":"2025-09-28T15:28:14+00:00","twitter_card":"summary_large_image","twitter_misc":{"Est. reading time":"3 minutes"},"schema":{"@context":"https:\/\/schema.org","@graph":[{"@type":"WebPage","@id":"https:\/\/schulprojekt-uganda.de\/verein\/","url":"https:\/\/schulprojekt-uganda.de\/verein\/","name":"F\u00f6rderverein Mbuye Farm School e.V., Entwicklungshilfe in Afrika, Uganda","isPartOf":{"@id":"https:\/\/schulprojekt-uganda.de\/#website"},"datePublished":"2017-06-01T13:44:58+00:00","dateModified":"2025-09-28T15:28:14+00:00","description":"F\u00f6rderverein Mbuye Farm School e.V.. Spendensammlung und Projekte planen. Partner finden, M\u00f6glichkeiten der Zusammenarbeit erkunden.","breadcrumb":{"@id":"https:\/\/schulprojekt-uganda.de\/verein\/#breadcrumb"},"inLanguage":"en-US","potentialAction":[{"@type":"ReadAction","target":["https:\/\/schulprojekt-uganda.de\/verein\/"]}]},{"@type":"BreadcrumbList","@id":"https:\/\/schulprojekt-uganda.de\/verein\/#breadcrumb","itemListElement":[{"@type":"ListItem","position":1,"name":"Home","item":"https:\/\/schulprojekt-uganda.de\/"},{"@type":"ListItem","position":2,"name":"Verein"}]},{"@type":"WebSite","@id":"https:\/\/schulprojekt-uganda.de\/#website","url":"https:\/\/schulprojekt-uganda.de\/","name":"Mbuye Farm School","description":"(Deutsch) Spenden f\u00fcr die Schule in Afrika","publisher":{"@id":"https:\/\/schulprojekt-uganda.de\/#organization"},"potentialAction":[{"@type":"SearchAction","target":{"@type":"EntryPoint","urlTemplate":"https:\/\/schulprojekt-uganda.de\/?s={search_term_string}"},"query-input":{"@type":"PropertyValueSpecification","valueRequired":true,"valueName":"search_term_string"}}],"inLanguage":"en-US"},{"@type":"Organization","@id":"https:\/\/schulprojekt-uganda.de\/#organization","name":"F\u00f6rderverein Mbuye Farm School e.V.","url":"https:\/\/schulprojekt-uganda.de\/","logo":{"@type":"ImageObject","inLanguage":"en-US","@id":"https:\/\/schulprojekt-uganda.de\/#\/schema\/logo\/image\/","url":"https:\/\/schulprojekt-uganda.de\/wp-content\/uploads\/2017\/06\/pdf-wappen.jpg","contentUrl":"https:\/\/schulprojekt-uganda.de\/wp-content\/uploads\/2017\/06\/pdf-wappen.jpg","width":300,"height":325,"caption":"F\u00f6rderverein Mbuye Farm School e.V."},"image":{"@id":"https:\/\/schulprojekt-uganda.de\/#\/schema\/logo\/image\/"}}]}},"_links":{"self":[{"href":"https:\/\/schulprojekt-uganda.de\/en\/wp-json\/wp\/v2\/pages\/12","targetHints":{"allow":["GET"]}}],"collection":[{"href":"https:\/\/schulprojekt-uganda.de\/en\/wp-json\/wp\/v2\/pages"}],"about":[{"href":"https:\/\/schulprojekt-uganda.de\/en\/wp-json\/wp\/v2\/types\/page"}],"author":[{"embeddable":true,"href":"https:\/\/schulprojekt-uganda.de\/en\/wp-json\/wp\/v2\/users\/2"}],"replies":[{"embeddable":true,"href":"https:\/\/schulprojekt-uganda.de\/en\/wp-json\/wp\/v2\/comments?post=12"}],"version-history":[{"count":0,"href":"https:\/\/schulprojekt-uganda.de\/en\/wp-json\/wp\/v2\/pages\/12\/revisions"}],"wp:attachment":[{"href":"https:\/\/schulprojekt-uganda.de\/en\/wp-json\/wp\/v2\/media?parent=12"}],"curies":[{"name":"wp","href":"https:\/\/api.w.org\/{rel}","templated":true}]}}